{"id":697,"date":"2018-05-20T10:28:25","date_gmt":"2018-05-20T14:28:25","guid":{"rendered":"https:\/\/meritdesigns.com\/?page_id=697"},"modified":"2018-05-20T10:36:53","modified_gmt":"2018-05-20T14:36:53","slug":"politicas-de-privacidad","status":"publish","type":"page","link":"https:\/\/meritdesigns.com\/en\/politicas-de-privacidad\/","title":{"rendered":"Pol\u00edticas de Privacidad"},"content":{"rendered":"<p style=\"text-align: left;\">Esta p\u00e1gina web entiende la importancia de la protecci\u00f3n de los datos personales que nos facilitan.<\/p>\n<p style=\"text-align: left;\">Para ello se adoptan las medidas de \u00edndole t\u00e9cnicas y organizativas necesarias para garantizar la seguridad de los datos de car\u00e1cter personal contenidos en los mismos y para evitar su alteraci\u00f3n, p\u00e9rdida, tratamiento o acceso no autorizado.<\/p>\n<p style=\"text-align: left;\">Ponemos en \u00a0conocimiento de los usuarios de esta p\u00e1gina web, que sus datos de car\u00e1cter personal s\u00f3lo podr\u00e1n obtenerse para su tratamiento cuando sean adecuados, pertinentes y no excesivos en relaci\u00f3n con el \u00e1mbito y las finalidades determinadas, expl\u00edcitas y leg\u00edtimas para las que se hayan obtenido. Ser\u00e1n cancelados cuando hayan dejado de ser necesarios o pertinentes para dicha finalidad, o cuando lo solicite el titular en el ejercicio de su derecho de cancelaci\u00f3n.<\/p>\n<p style=\"text-align: left;\">Le informamos que puede ejercitar sus derechos de acceso, rectificaci\u00f3n y \/o eliminaci\u00f3n de cualquier de los datos personales almacenados, mediante una comunicaci\u00f3n escrita dirigida a la direcci\u00f3n Av. Abraham Lincoln N\u00b0 452, Local 220B, Plaza La Francesa. Piantini, Santo Domingo D.N., Rep\u00fablica Dominicanao mediante el env\u00edo de un correo electr\u00f3nico con firma digital reconocida a la siguiente direcci\u00f3n <a href=\"mailto:info@meritdesigns.com\">info@meritdesigns.com<\/a>.<\/p>\n<p style=\"text-align: left;\">Los campos marcados con un asterisco (*) en los formularios habilitados en la esta p\u00e1gina web son de cumplimentaci\u00f3n obligatoria, de modo que si no completa alguno de ellos no podr\u00e1 continuar con su env\u00edo.<\/p>\n<p style=\"text-align: left;\">Adicionalmente, esta p\u00e1gina utiliza cookies propias y de terceros para mejorar la experiencia del usuario a trav\u00e9s de su navegaci\u00f3n. Puede acceder a las pol\u00edticas de cookies haciendo <a href=\"\/politicas-de-cookies-4\">click aqu\u00ed<\/a>.<\/p>\n","protected":false},"excerpt":{"rendered":"<p>Esta p\u00e1gina web entiende la importancia de la protecci\u00f3n de los datos personales que nos facilitan. Para ello se adoptan las medidas de \u00edndole t\u00e9cnicas y organizativas necesarias para garantizar la seguridad de los datos de car\u00e1cter personal contenidos en los mismos y para evitar su alteraci\u00f3n, p\u00e9rdida, tratamiento o acceso no autorizado. Ponemos en [&hellip;]<\/p>\n","protected":false},"author":1,"featured_media":0,"parent":0,"menu_order":0,"comment_status":"closed","ping_status":"closed","template":"","meta":[],"_links":{"self":[{"href":"https:\/\/meritdesigns.com\/en\/wp-json\/wp\/v2\/pages\/697"}],"collection":[{"href":"https:\/\/meritdesigns.com\/en\/wp-json\/wp\/v2\/pages"}],"about":[{"href":"https:\/\/meritdesigns.com\/en\/wp-json\/wp\/v2\/types\/page"}],"author":[{"embeddable":true,"href":"https:\/\/meritdesigns.com\/en\/wp-json\/wp\/v2\/users\/1"}],"replies":[{"embeddable":true,"href":"https:\/\/meritdesigns.com\/en\/wp-json\/wp\/v2\/comments?post=697"}],"version-history":[{"count":4,"href":"https:\/\/meritdesigns.com\/en\/wp-json\/wp\/v2\/pages\/697\/revisions"}],"predecessor-version":[{"id":701,"href":"https:\/\/meritdesigns.com\/en\/wp-json\/wp\/v2\/pages\/697\/revisions\/701"}],"wp:attachment":[{"href":"https:\/\/meritdesigns.com\/en\/wp-json\/wp\/v2\/media?parent=697"}],"curies":[{"name":"wp","href":"https:\/\/api.w.org\/{rel}","templated":true}]}}